{"id":946,"date":"2015-05-08T13:22:48","date_gmt":"2015-05-08T13:22:48","guid":{"rendered":"http:\/\/localhost\/wordpress\/renovate\/?page_id=4"},"modified":"2022-07-12T14:48:08","modified_gmt":"2022-07-12T14:48:08","slug":"home","status":"publish","type":"page","link":"https:\/\/braccianorevisioni.it\/","title":{"rendered":"HOME"},"content":{"rendered":"<p>[vc_row type=&#8221;full-width&#8221;][vc_column][rev_slider_vc alias=&#8221;main&#8221;][\/vc_column][\/vc_row][vc_row type=&#8221;full-width&#8221; css=&#8221;.vc_custom_1596732178871{background-color: #ffffff !important;}&#8221; el_class=&#8221;page-padding-top-section&#8221;][vc_column][vc_column_text]<\/p>\n<h1 style=\"text-align: center;\"><strong>Centro Revisioni auto &#8211; moto &#8211; autocarri. Officina Meccanica e centro riparazioni Bracciano<\/strong><\/h1>\n<h3 style=\"text-align: center;\"><strong>una garanzia per le revisione e soprattutto meccanici specializzati per la cura della tua vettura.<\/strong><\/h3>\n<h3 style=\"text-align: center;\"><strong>Bracciano Revisioni allarga i suoi servizi, da oggi possiamo curare la manutenzione ordinaria e straordinaria della tua vettura con i seguenti servizi: Tagliando, cambio olio e filtri, sostituzione pastiglie e dischi, frizione, ricarica aria condizionata, impianto elettrico, <a href=\"https:\/\/braccianorevisioni.it\/decarbonizzazione\/\">decarbonizzazione<\/a> e pulizia motore.<\/strong><\/h3>\n<h3 style=\"text-align: center;\">Grazie ai nostri meccanici professionisti prenderemo cura della tua vettura.<\/h3>\n<p>[\/vc_column_text][vc_empty_space][vc_zigzag color=&#8221;juicy_pink&#8221; el_width=&#8221;20&#8243; el_border_width=&#8221;8&#8243;][\/vc_column][\/vc_row][vc_row][vc_column][vc_empty_space]<h2 class=\"box-header\">SERVIZI<\/h2>[vc_empty_space][\/vc_column][\/vc_row][vc_row type=&#8221;full-width&#8221; css=&#8221;.vc_custom_1597311667813{background: #f5f5f5 url(https:\/\/braccianorevisioni.it\/wp-content\/uploads\/2020\/08\/proroga-revisione-auto1.jpg?id=1251) !important;background-position: center !important;background-repeat: no-repeat !important;background-size: cover !important;}&#8221;][vc_column][vc_row_inner css=&#8221;.vc_custom_1597314430259{margin-top: 100px !important;background-color: #ffffff !important;}&#8221;][vc_column_inner width=&#8221;1\/3&#8243;][vc_single_image image=&#8221;1020&#8243; img_size=&#8221;full&#8221; alignment=&#8221;center&#8221;][vc_empty_space]<h4 class=\"box-header\">Revisioni veicoli e moto<\/h4>[vc_column_text]<\/p>\n<p style=\"text-align: center;\">La prima revisione deve essere sostenuta 4 anni<br \/>\ndopo la prima immatricolazione<wbr \/>.<br \/>\nLe successive revisioni devono essere effettuate con cadenza biennale[\/vc_column_text][vc_empty_space][\/vc_column_inner][vc_column_inner width=&#8221;1\/3&#8243;][vc_single_image image=&#8221;1023&#8243; img_size=&#8221;full&#8221; alignment=&#8221;center&#8221;][vc_empty_space]<h4 class=\"box-header\">Revisioni veicoli superiori 35 quintali<\/h4>[vc_column_text]<\/p>\n<p style=\"text-align: center;\">Revisioni in sede , tramite appuntamento, su tutti i tipi di autocarro. Inoltre effettuiamo revisioni ADR\u00a0 per merci pericolose e infiammabili e tarature annuali su:<br \/>\nGru &#8211; Piattaforme &#8211; Mezzi di sollevamento[\/vc_column_text][vc_empty_space][\/vc_column_inner][vc_column_inner width=&#8221;1\/3&#8243;][vc_single_image image=&#8221;1024&#8243; img_size=&#8221;full&#8221; alignment=&#8221;center&#8221;][vc_empty_space]<h4 class=\"box-header\">Cronotachigrafi<\/h4>[vc_column_text]<\/p>\n<p style=\"text-align: center;\">La taratura \u00e8 biennale, si eseguono presso la nostra sede, tarature e montaggi\u00a0 di cronotachigrafi, inoltre siamo concessionari <a href=\"https:\/\/www.vdo.it\/\">VDO<\/a> per la vendita e la fornitura di cronotachigrafi.<\/p>\n<p>[\/vc_column_text][vc_empty_space][\/vc_column_inner][\/vc_row_inner][vc_row_inner css=&#8221;.vc_custom_1597312356008{margin-bottom: 100px !important;background-color: #ffffff !important;}&#8221;][vc_column_inner width=&#8221;1\/3&#8243;][vc_single_image image=&#8221;1241&#8243; img_size=&#8221;full&#8221; alignment=&#8221;center&#8221;][vc_empty_space]<h4 class=\"box-header\">Riparazioni - Tagliandi<\/h4>[vc_column_text]<\/p>\n<p style=\"text-align: center;\">Presso il nostro centro potrai usufruire di tutti i servizi per la tua vettura, piccole riparazioni, tagliandi per tutte le case automobilistiche, ricarica aria condizionata e sanificazione\u00a0 ad ozono<\/p>\n<p>[\/vc_column_text][vc_empty_space][\/vc_column_inner][vc_column_inner width=&#8221;1\/3&#8243;][vc_single_image image=&#8221;1045&#8243; img_size=&#8221;full&#8221; alignment=&#8221;center&#8221;][vc_empty_space]<h4 class=\"box-header\">Rinnovo patenti e Pratiche auto<\/h4>[vc_column_text el_class=&#8221;description align-center&#8221;]<\/p>\n<div id=\"chi_siamo\"><\/div>\n<p>[\/vc_column_text][vc_column_text]<\/p>\n<p style=\"text-align: center;\">Vi \u00e8 scaduta la patente e non sapete cosa fare? Se lo desiderate, \u00e8 possibile far recapitare la nuova patente presso la nostra struttura. Sarete poi avvisati tramite SMS quando venire in studio per poterla ritirare.<span class=\"st\">\u00a0<\/span><\/p>\n<p>[\/vc_column_text][vc_empty_space][\/vc_column_inner][vc_column_inner width=&#8221;1\/3&#8243;][vc_single_image image=&#8221;1046&#8243; img_size=&#8221;full&#8221; alignment=&#8221;center&#8221;][vc_empty_space]<h4 class=\"box-header\">Collaudi<\/h4>[vc_column_text]<\/p>\n<p style=\"text-align: center;\">Presso la nostra sede eseguiamo collaudi di ogni sorta<br \/>\nfissa un appuntamento con noi.<br \/>\nIl Codice della strada prevede che i veicoli siano sottoposti a \u201cvisita e prova\u201d (cosiddetto collaudo)[\/vc_column_text][vc_empty_space][\/vc_column_inner][\/vc_row_inner][\/vc_column][\/vc_row][vc_row top_margin=&#8221;page-margin-top-section&#8221;][vc_column]<h2 class=\"box-header\">CHI SIAMO<\/h2>[vc_column_text el_class=&#8221;description align-center&#8221;]<\/p>\n<p style=\"text-align: center;\">\u00a0<strong>Revisioni auto Bracciano<\/strong> \u00e8 una societ\u00e0 di servizi che svolge la propria attivit\u00e0, da oltre 15 anni, con professionalit\u00e0\u00a0 specifiche nel campo delle revisioni auto, moto, autocarri, mezzi con portata superiore ai 35 quintali e l&#8217;officina meccanica per le riparazione su qualsiasi <a href=\"https:\/\/braccianorevisioni.it\/\">vettura<\/a>.<\/p>\n<p style=\"text-align: center;\"><strong>Bracciano Revisioni<\/strong>, <strong>il punto di riferimento per la tua auto!<\/strong><\/p>\n<p>[\/vc_column_text][\/vc_column][\/vc_row][vc_row top_margin=&#8221;page-margin-top&#8221; css=&#8221;.vc_custom_1596717405011{padding-bottom: 50px !important;}&#8221;][vc_column width=&#8221;1\/2&#8243;][vc_single_image image=&#8221;1049&#8243; img_size=&#8221;large-thumb&#8221; alignment=&#8221;center&#8221; style=&#8221;vc_box_outline&#8221; border_color=&#8221;juicy_pink&#8221;][vc_empty_space][vc_single_image image=&#8221;1246&#8243; img_size=&#8221;medium&#8221; alignment=&#8221;center&#8221;][\/vc_column][vc_column width=&#8221;1\/2&#8243; css=&#8221;.vc_custom_1431078135839{margin-top: 40px !important;}&#8221;][vc_row_inner css=&#8221;.vc_custom_1596737639506{padding-bottom: 20px !important;}&#8221;][vc_column_inner width=&#8221;1\/2&#8243;][vc_single_image image=&#8221;1118&#8243; alignment=&#8221;center&#8221;][\/vc_column_inner][vc_column_inner width=&#8221;1\/2&#8243;]<h4 class=\"box-header\">TAGLIANDO<\/h4>[\/vc_column_inner][\/vc_row_inner][vc_row_inner css=&#8221;.vc_custom_1596737653980{padding-bottom: 20px !important;}&#8221;][vc_column_inner width=&#8221;1\/2&#8243;][vc_single_image image=&#8221;1142&#8243; alignment=&#8221;center&#8221;][\/vc_column_inner][vc_column_inner width=&#8221;1\/2&#8243;]<h4 class=\"box-header\">PASTICCHE FRENI<\/h4>[\/vc_column_inner][\/vc_row_inner][vc_row_inner css=&#8221;.vc_custom_1596737659899{padding-bottom: 20px !important;}&#8221;][vc_column_inner width=&#8221;1\/2&#8243;][vc_single_image image=&#8221;1145&#8243; alignment=&#8221;center&#8221;][\/vc_column_inner][vc_column_inner width=&#8221;1\/2&#8243;]<h4 class=\"box-header\">DIAGNOSI<\/h4>[\/vc_column_inner][\/vc_row_inner][vc_row_inner css=&#8221;.vc_custom_1596737667532{padding-bottom: 20px !important;}&#8221;][vc_column_inner width=&#8221;1\/2&#8243;][vc_single_image image=&#8221;1146&#8243; alignment=&#8221;center&#8221;][\/vc_column_inner][vc_column_inner width=&#8221;1\/2&#8243;]<h4 class=\"box-header\">ARIA CONDIZIONATA<\/h4>[\/vc_column_inner][\/vc_row_inner][vc_row_inner][vc_column_inner width=&#8221;1\/2&#8243;][vc_single_image image=&#8221;1148&#8243; alignment=&#8221;center&#8221;][\/vc_column_inner][vc_column_inner width=&#8221;1\/2&#8243;]<h4 class=\"box-header\">SANIFICAZIONE<\/h4>[vc_column_text]<\/p>\n<div id=\"contatti\"><\/div>\n<p>[\/vc_column_text][\/vc_column_inner][\/vc_row_inner][\/vc_column][\/vc_row][vc_row type=&#8221;full-width&#8221; css=&#8221;.vc_custom_1597309672460{background-color: #0f6ca7 !important;}&#8221; el_class=&#8221;page-padding-top-section padding-bottom-66&#8243;][vc_column]<h2 class=\"box-header\">CONTATTI<\/h2>[\/vc_column][\/vc_row][vc_row css=&#8221;.vc_custom_1596717378462{margin-top: 50px !important;padding-bottom: 50px !important;}&#8221;][vc_column width=&#8221;1\/2&#8243;]\n<div class=\"wpcf7 no-js\" id=\"wpcf7-f1093-o1\" lang=\"it-IT\" dir=\"ltr\">\n<div class=\"screen-reader-response\"><p role=\"status\" aria-live=\"polite\" aria-atomic=\"true\"><\/p> <ul><\/ul><\/div>\n<form action=\"\/index.php?rest_route=%2Fwp%2Fv2%2Fpages%2F946#wpcf7-f1093-o1\" method=\"post\" class=\"wpcf7-form init\" aria-label=\"Modulo di contatto\" novalidate=\"novalidate\" data-status=\"init\">\n<div style=\"display: none;\">\n<input type=\"hidden\" name=\"_wpcf7\" value=\"1093\" \/>\n<input type=\"hidden\" name=\"_wpcf7_version\" value=\"5.9.2\" \/>\n<input type=\"hidden\" name=\"_wpcf7_locale\" value=\"it_IT\" \/>\n<input type=\"hidden\" name=\"_wpcf7_unit_tag\" value=\"wpcf7-f1093-o1\" \/>\n<input type=\"hidden\" name=\"_wpcf7_container_post\" value=\"0\" \/>\n<input type=\"hidden\" name=\"_wpcf7_posted_data_hash\" value=\"\" \/>\n<\/div>\n<p><label>Nome*<br \/>\n<span class=\"wpcf7-form-control-wrap\" data-name=\"your-nome\"><input size=\"40\" class=\"wpcf7-form-control wpcf7-text wpcf7-validates-as-required\" aria-required=\"true\" aria-invalid=\"false\" value=\"\" type=\"text\" name=\"your-nome\" \/><\/span> <\/label>\n<\/p>\n<p><label>Cognome*<br \/>\n<span class=\"wpcf7-form-control-wrap\" data-name=\"your-cognome\"><input size=\"40\" class=\"wpcf7-form-control wpcf7-text wpcf7-validates-as-required\" aria-required=\"true\" aria-invalid=\"false\" value=\"\" type=\"text\" name=\"your-cognome\" \/><\/span> <\/label>\n<\/p>\n<p><label>Email*<br \/>\n<span class=\"wpcf7-form-control-wrap\" data-name=\"your-email\"><input size=\"40\" class=\"wpcf7-form-control wpcf7-email wpcf7-validates-as-required wpcf7-text wpcf7-validates-as-email\" aria-required=\"true\" aria-invalid=\"false\" value=\"\" type=\"email\" name=\"your-email\" \/><\/span> <\/label>\n<\/p>\n<p><label>Telefono*<br \/>\n<span class=\"wpcf7-form-control-wrap\" data-name=\"telefono\"><input size=\"40\" class=\"wpcf7-form-control wpcf7-tel wpcf7-validates-as-required wpcf7-text wpcf7-validates-as-tel\" aria-required=\"true\" aria-invalid=\"false\" value=\"\" type=\"tel\" name=\"telefono\" \/><\/span> <\/label>\n<\/p>\n<p><label>Messaggio<br \/>\n<span class=\"wpcf7-form-control-wrap\" data-name=\"your-message\"><textarea cols=\"40\" rows=\"10\" class=\"wpcf7-form-control wpcf7-textarea\" aria-invalid=\"false\" name=\"your-message\"><\/textarea><\/span> <\/label>\n<\/p>\n<p><span class=\"wpcf7-form-control-wrap\" data-name=\"acceptance-299\"><span class=\"wpcf7-form-control wpcf7-acceptance\"><span class=\"wpcf7-list-item\"><label><input type=\"checkbox\" name=\"acceptance-299\" value=\"1\" aria-invalid=\"false\" \/><span class=\"wpcf7-list-item-label\">Autorizzo per il trattamento dei dati personali e per l'accettazione della Privacy Informativa sulla Privacy<\/span><\/label><\/span><\/span><\/span>\n<\/p>\n<p><input class=\"wpcf7-form-control wpcf7-submit has-spinner\" type=\"submit\" value=\"Invia\" \/>\n<\/p><div class=\"wpcf7-response-output\" aria-hidden=\"true\"><\/div>\n<\/form>\n<\/div>\n[\/vc_column][vc_column width=&#8221;1\/2&#8243;][vc_column_text]<iframe style=\"border: 0;\" tabindex=\"0\" src=\"https:\/\/www.google.com\/maps\/embed?pb=!1m18!1m12!1m3!1d2961.2723662557755!2d12.19863811568626!3d42.08021356072026!2m3!1f0!2f0!3f0!3m2!1i1024!2i768!4f13.1!3m3!1m2!1s0x132f4e492ca47c1d%3A0x51603fa9235e5261!2sVia%20Braccianense%2C%2049%2C%2000062%20Vigna%20di%20Valle%20RM!5e0!3m2!1sit!2sit!4v1596717130710!5m2!1sit!2sit\" width=\"100%\" height=\"450\" frameborder=\"0\" allowfullscreen=\"allowfullscreen\" aria-hidden=\"false\"><\/iframe>[\/vc_column_text][\/vc_column][\/vc_row][vc_row][vc_column]<h2 class=\"box-header\">PARTNER<\/h2>[vc_empty_space][\/vc_column][\/vc_row][vc_row type=&#8221;full-width&#8221; css=&#8221;.vc_custom_1597311684640{background: #f5f5f5 url(https:\/\/braccianorevisioni.it\/wp-content\/uploads\/2020\/08\/partner.jpg?id=1252) !important;background-position: center !important;background-repeat: no-repeat !important;background-size: cover !important;}&#8221; el_class=&#8221;page-padding-top-section padding-bottom-66&#8243;][vc_column][vc_row_inner][vc_column_inner width=&#8221;1\/4&#8243;][vc_empty_space][vc_single_image image=&#8221;1165&#8243; img_size=&#8221;full&#8221; alignment=&#8221;center&#8221; onclick=&#8221;custom_link&#8221; img_link_target=&#8221;_blank&#8221; link=&#8221;https:\/\/www.vdo.it\/&#8221;][\/vc_column_inner][vc_column_inner width=&#8221;1\/4&#8243;][vc_empty_space][vc_single_image image=&#8221;1164&#8243; img_size=&#8221;full&#8221; alignment=&#8221;center&#8221; onclick=&#8221;custom_link&#8221; img_link_target=&#8221;_blank&#8221; link=&#8221;https:\/\/www.autonoleggih24.it\/&#8221;][\/vc_column_inner][vc_column_inner width=&#8221;1\/4&#8243;][vc_empty_space][vc_single_image image=&#8221;1298&#8243; img_size=&#8221;full&#8221; alignment=&#8221;center&#8221; onclick=&#8221;custom_link&#8221; img_link_target=&#8221;_blank&#8221; link=&#8221;https:\/\/www.facebook.com\/pages\/category\/Car-Wash\/BeautyCar-di-Capparella-Antonio-368428890034436\/&#8221;][\/vc_column_inner][vc_column_inner width=&#8221;1\/4&#8243;][vc_empty_space][vc_single_image image=&#8221;1317&#8243; img_size=&#8221;full&#8221; alignment=&#8221;center&#8221; onclick=&#8221;custom_link&#8221; img_link_target=&#8221;_blank&#8221; link=&#8221;https:\/\/www.smanapp.com\/bracciano-revisioni&#8221;][\/vc_column_inner][\/vc_row_inner][\/vc_column][\/vc_row]<\/p>\n","protected":false},"excerpt":{"rendered":"<p>[vc_row type=&#8221;full-width&#8221;][vc_column][rev_slider_vc alias=&#8221;main&#8221;][\/vc_column][\/vc_row][vc_row type=&#8221;full-width&#8221; css=&#8221;.vc_custom_1596732178871{background-color: #ffffff !important;}&#8221; el_class=&#8221;page-padding-top-section&#8221;][vc_column][vc_column_text] Centro Revisioni auto &#8211; moto &#8211; autocarri. Officina Meccanica e centro riparazioni Bracciano una garanzia per le revisione e soprattutto meccanici specializzati per la cura della tua vettura. Bracciano Revisioni allarga i suoi servizi, da oggi possiamo curare la manutenzione ordinaria e straordinaria della tua vettura con<\/p>\n","protected":false},"author":1,"featured_media":1006,"parent":0,"menu_order":0,"comment_status":"open","ping_status":"closed","template":"template-default-without-breadcrumbs.php","meta":{"footnotes":""},"yoast_head":"<!-- This site is optimized with the Yoast SEO plugin v22.6 - https:\/\/yoast.com\/wordpress\/plugins\/seo\/ -->\n<title>Revisioni auto Bracciano, moto e mezzi pesanti - Bracciano Revisioni<\/title>\n<meta name=\"description\" content=\"Revisioni auto Bracciano, Bracciano Revisioni,una garanzia per la revisione dell\u2019autoe dei veicoli superiori a 35 quintali.\" \/>\n<meta name=\"robots\" content=\"index, follow, max-snippet:-1, max-image-preview:large, max-video-preview:-1\" \/>\n<link rel=\"canonical\" href=\"https:\/\/braccianorevisioni.it\/\" \/>\n<meta property=\"og:locale\" content=\"it_IT\" \/>\n<meta property=\"og:type\" content=\"article\" \/>\n<meta property=\"og:title\" content=\"Revisioni auto Bracciano, moto e mezzi pesanti - Bracciano Revisioni\" \/>\n<meta property=\"og:description\" content=\"Revisioni auto Bracciano, Bracciano Revisioni,una garanzia per la revisione dell\u2019autoe dei veicoli superiori a 35 quintali.\" \/>\n<meta property=\"og:url\" content=\"https:\/\/braccianorevisioni.it\/\" \/>\n<meta property=\"og:site_name\" content=\"Bracciano Revisioni\" \/>\n<meta property=\"article:modified_time\" content=\"2022-07-12T14:48:08+00:00\" \/>\n<meta property=\"og:image\" content=\"https:\/\/braccianorevisioni.it\/wp-content\/uploads\/2020\/08\/revisione-veicoli-pesanti-le-novit\u00e0.jpg\" \/>\n\t<meta property=\"og:image:width\" content=\"1373\" \/>\n\t<meta property=\"og:image:height\" content=\"856\" \/>\n\t<meta property=\"og:image:type\" content=\"image\/jpeg\" \/>\n<meta name=\"twitter:card\" content=\"summary_large_image\" \/>\n<meta name=\"twitter:label1\" content=\"Tempo di lettura stimato\" \/>\n\t<meta name=\"twitter:data1\" content=\"6 minuti\" \/>\n<script type=\"application\/ld+json\" class=\"yoast-schema-graph\">{\"@context\":\"https:\/\/schema.org\",\"@graph\":[{\"@type\":\"WebPage\",\"@id\":\"https:\/\/braccianorevisioni.it\/\",\"url\":\"https:\/\/braccianorevisioni.it\/\",\"name\":\"Revisioni auto Bracciano, moto e mezzi pesanti - Bracciano Revisioni\",\"isPartOf\":{\"@id\":\"https:\/\/braccianorevisioni.it\/#website\"},\"primaryImageOfPage\":{\"@id\":\"https:\/\/braccianorevisioni.it\/#primaryimage\"},\"image\":{\"@id\":\"https:\/\/braccianorevisioni.it\/#primaryimage\"},\"thumbnailUrl\":\"https:\/\/braccianorevisioni.it\/wp-content\/uploads\/2020\/08\/revisione-veicoli-pesanti-le-novit\u00e0.jpg\",\"datePublished\":\"2015-05-08T13:22:48+00:00\",\"dateModified\":\"2022-07-12T14:48:08+00:00\",\"description\":\"Revisioni auto Bracciano, Bracciano Revisioni,una garanzia per la revisione dell\u2019autoe dei veicoli superiori a 35 quintali.\",\"breadcrumb\":{\"@id\":\"https:\/\/braccianorevisioni.it\/#breadcrumb\"},\"inLanguage\":\"it-IT\",\"potentialAction\":[{\"@type\":\"ReadAction\",\"target\":[\"https:\/\/braccianorevisioni.it\/\"]}]},{\"@type\":\"ImageObject\",\"inLanguage\":\"it-IT\",\"@id\":\"https:\/\/braccianorevisioni.it\/#primaryimage\",\"url\":\"https:\/\/braccianorevisioni.it\/wp-content\/uploads\/2020\/08\/revisione-veicoli-pesanti-le-novit\u00e0.jpg\",\"contentUrl\":\"https:\/\/braccianorevisioni.it\/wp-content\/uploads\/2020\/08\/revisione-veicoli-pesanti-le-novit\u00e0.jpg\",\"width\":1373,\"height\":856},{\"@type\":\"BreadcrumbList\",\"@id\":\"https:\/\/braccianorevisioni.it\/#breadcrumb\",\"itemListElement\":[{\"@type\":\"ListItem\",\"position\":1,\"name\":\"Home\",\"item\":\"https:\/\/braccianorevisioni.it\/\"},{\"@type\":\"ListItem\",\"position\":2,\"name\":\"HOME\"}]},{\"@type\":\"WebSite\",\"@id\":\"https:\/\/braccianorevisioni.it\/#website\",\"url\":\"https:\/\/braccianorevisioni.it\/\",\"name\":\"Bracciano Revisioni\",\"description\":\"Centro Revisioni e Officina Meccanica\",\"potentialAction\":[{\"@type\":\"SearchAction\",\"target\":{\"@type\":\"EntryPoint\",\"urlTemplate\":\"https:\/\/braccianorevisioni.it\/?s={search_term_string}\"},\"query-input\":\"required name=search_term_string\"}],\"inLanguage\":\"it-IT\"}]}<\/script>\n<!-- \/ Yoast SEO plugin. -->","yoast_head_json":{"title":"Revisioni auto Bracciano, moto e mezzi pesanti - Bracciano Revisioni","description":"Revisioni auto Bracciano, Bracciano Revisioni,una garanzia per la revisione dell\u2019autoe dei veicoli superiori a 35 quintali.","robots":{"index":"index","follow":"follow","max-snippet":"max-snippet:-1","max-image-preview":"max-image-preview:large","max-video-preview":"max-video-preview:-1"},"canonical":"https:\/\/braccianorevisioni.it\/","og_locale":"it_IT","og_type":"article","og_title":"Revisioni auto Bracciano, moto e mezzi pesanti - Bracciano Revisioni","og_description":"Revisioni auto Bracciano, Bracciano Revisioni,una garanzia per la revisione dell\u2019autoe dei veicoli superiori a 35 quintali.","og_url":"https:\/\/braccianorevisioni.it\/","og_site_name":"Bracciano Revisioni","article_modified_time":"2022-07-12T14:48:08+00:00","og_image":[{"width":1373,"height":856,"url":"https:\/\/braccianorevisioni.it\/wp-content\/uploads\/2020\/08\/revisione-veicoli-pesanti-le-novit\u00e0.jpg","type":"image\/jpeg"}],"twitter_card":"summary_large_image","twitter_misc":{"Tempo di lettura stimato":"6 minuti"},"schema":{"@context":"https:\/\/schema.org","@graph":[{"@type":"WebPage","@id":"https:\/\/braccianorevisioni.it\/","url":"https:\/\/braccianorevisioni.it\/","name":"Revisioni auto Bracciano, moto e mezzi pesanti - Bracciano Revisioni","isPartOf":{"@id":"https:\/\/braccianorevisioni.it\/#website"},"primaryImageOfPage":{"@id":"https:\/\/braccianorevisioni.it\/#primaryimage"},"image":{"@id":"https:\/\/braccianorevisioni.it\/#primaryimage"},"thumbnailUrl":"https:\/\/braccianorevisioni.it\/wp-content\/uploads\/2020\/08\/revisione-veicoli-pesanti-le-novit\u00e0.jpg","datePublished":"2015-05-08T13:22:48+00:00","dateModified":"2022-07-12T14:48:08+00:00","description":"Revisioni auto Bracciano, Bracciano Revisioni,una garanzia per la revisione dell\u2019autoe dei veicoli superiori a 35 quintali.","breadcrumb":{"@id":"https:\/\/braccianorevisioni.it\/#breadcrumb"},"inLanguage":"it-IT","potentialAction":[{"@type":"ReadAction","target":["https:\/\/braccianorevisioni.it\/"]}]},{"@type":"ImageObject","inLanguage":"it-IT","@id":"https:\/\/braccianorevisioni.it\/#primaryimage","url":"https:\/\/braccianorevisioni.it\/wp-content\/uploads\/2020\/08\/revisione-veicoli-pesanti-le-novit\u00e0.jpg","contentUrl":"https:\/\/braccianorevisioni.it\/wp-content\/uploads\/2020\/08\/revisione-veicoli-pesanti-le-novit\u00e0.jpg","width":1373,"height":856},{"@type":"BreadcrumbList","@id":"https:\/\/braccianorevisioni.it\/#breadcrumb","itemListElement":[{"@type":"ListItem","position":1,"name":"Home","item":"https:\/\/braccianorevisioni.it\/"},{"@type":"ListItem","position":2,"name":"HOME"}]},{"@type":"WebSite","@id":"https:\/\/braccianorevisioni.it\/#website","url":"https:\/\/braccianorevisioni.it\/","name":"Bracciano Revisioni","description":"Centro Revisioni e Officina Meccanica","potentialAction":[{"@type":"SearchAction","target":{"@type":"EntryPoint","urlTemplate":"https:\/\/braccianorevisioni.it\/?s={search_term_string}"},"query-input":"required name=search_term_string"}],"inLanguage":"it-IT"}]}},"_links":{"self":[{"href":"https:\/\/braccianorevisioni.it\/index.php?rest_route=\/wp\/v2\/pages\/946"}],"collection":[{"href":"https:\/\/braccianorevisioni.it\/index.php?rest_route=\/wp\/v2\/pages"}],"about":[{"href":"https:\/\/braccianorevisioni.it\/index.php?rest_route=\/wp\/v2\/types\/page"}],"author":[{"embeddable":true,"href":"https:\/\/braccianorevisioni.it\/index.php?rest_route=\/wp\/v2\/users\/1"}],"replies":[{"embeddable":true,"href":"https:\/\/braccianorevisioni.it\/index.php?rest_route=%2Fwp%2Fv2%2Fcomments&post=946"}],"version-history":[{"count":155,"href":"https:\/\/braccianorevisioni.it\/index.php?rest_route=\/wp\/v2\/pages\/946\/revisions"}],"predecessor-version":[{"id":1455,"href":"https:\/\/braccianorevisioni.it\/index.php?rest_route=\/wp\/v2\/pages\/946\/revisions\/1455"}],"wp:featuredmedia":[{"embeddable":true,"href":"https:\/\/braccianorevisioni.it\/index.php?rest_route=\/wp\/v2\/media\/1006"}],"wp:attachment":[{"href":"https:\/\/braccianorevisioni.it\/index.php?rest_route=%2Fwp%2Fv2%2Fmedia&parent=946"}],"curies":[{"name":"wp","href":"https:\/\/api.w.org\/{rel}","templated":true}]}}